{"id":3049,"date":"2022-10-05T13:58:28","date_gmt":"2022-10-05T11:58:28","guid":{"rendered":"https:\/\/hudevad.com\/living\/living-room\/"},"modified":"2023-01-25T13:36:03","modified_gmt":"2023-01-25T12:36:03","slug":"wohnzimmer","status":"publish","type":"page","link":"https:\/\/hudevad.com\/de\/living\/wohnzimmer","title":{"rendered":"Wohnzimmer"},"content":{"rendered":"<p><span data-sheets-value=\"{&quot;1&quot;:2,&quot;2&quot;:&quot;Let yourself be inspired and see examples of how our radiators can be implemented in living rooms. Our design is timeless and suitable for any room.&quot;}\" data-sheets-userformat=\"{&quot;2&quot;:15233,&quot;3&quot;:{&quot;1&quot;:0},&quot;10&quot;:2,&quot;11&quot;:0,&quot;12&quot;:0,&quot;14&quot;:{&quot;1&quot;:2,&quot;2&quot;:0},&quot;15&quot;:&quot;Calibri, sans-serif&quot;,&quot;16&quot;:11}\">Lassen Sie sich inspirieren und sehen Sie Beispiele, wie unsere Heizk\u00f6rper in Wohnr\u00e4umen eingesetzt werden k\u00f6nnen. Unser Design ist zeitlos und f\u00fcr jeden Raum geeignet.<\/span><\/p>","protected":false},"excerpt":{"rendered":"<p>Lassen Sie sich inspirieren und sehen Sie Beispiele, wie unsere Heizk\u00f6rper in Wohnr\u00e4umen eingesetzt werden k\u00f6nnen. Unser Design ist zeitlos und f\u00fcr jeden Raum geeignet.<\/p>","protected":false},"author":1,"featured_media":59920,"parent":3048,"menu_order":0,"comment_status":"closed","ping_status":"closed","template":"","meta":{"_acf_changed":false,"footnotes":""},"class_list":["post-3049","page","type-page","status-publish","has-post-thumbnail","hentry"],"acf":[],"_links":{"self":[{"href":"https:\/\/hudevad.com\/de\/wp-json\/wp\/v2\/pages\/3049","targetHints":{"allow":["GET"]}}],"collection":[{"href":"https:\/\/hudevad.com\/de\/wp-json\/wp\/v2\/pages"}],"about":[{"href":"https:\/\/hudevad.com\/de\/wp-json\/wp\/v2\/types\/page"}],"author":[{"embeddable":true,"href":"https:\/\/hudevad.com\/de\/wp-json\/wp\/v2\/users\/1"}],"replies":[{"embeddable":true,"href":"https:\/\/hudevad.com\/de\/wp-json\/wp\/v2\/comments?post=3049"}],"version-history":[{"count":0,"href":"https:\/\/hudevad.com\/de\/wp-json\/wp\/v2\/pages\/3049\/revisions"}],"up":[{"embeddable":true,"href":"https:\/\/hudevad.com\/de\/wp-json\/wp\/v2\/pages\/3048"}],"wp:featuredmedia":[{"embeddable":true,"href":"https:\/\/hudevad.com\/de\/wp-json\/wp\/v2\/media\/59920"}],"wp:attachment":[{"href":"https:\/\/hudevad.com\/de\/wp-json\/wp\/v2\/media?parent=3049"}],"curies":[{"name":"wp","href":"https:\/\/api.w.org\/{rel}","templated":true}]}}