{"id":171811,"date":"2024-11-12T10:19:16","date_gmt":"2024-11-12T09:19:16","guid":{"rendered":"https:\/\/hudevad.com\/?post_type=product&#038;p=171811"},"modified":"2026-04-07T12:07:55","modified_gmt":"2026-04-07T10:07:55","slug":"integral-vertical-32","status":"publish","type":"product","link":"https:\/\/hudevad.com\/de\/produkt\/integral-vertical-32","title":{"rendered":"Integral Vertikal"},"excerpt":{"rendered":"<p><span data-sheets-value=\"{&quot;1&quot;:2,&quot;2&quot;:&quot;Hudevad Integral Vertikal - Beautiful, simple and timeless design radiator with smooth front panel, slightly rounded corners and open sides and top. Perfect for hygiene-intensive environments&quot;}\" data-sheets-userformat=\"{&quot;2&quot;:15233,&quot;3&quot;:{&quot;1&quot;:0},&quot;10&quot;:2,&quot;11&quot;:0,&quot;12&quot;:0,&quot;14&quot;:{&quot;1&quot;:2,&quot;2&quot;:0},&quot;15&quot;:&quot;Calibri, sans-serif&quot;,&quot;16&quot;:11}\">Hudevad Integral Vertikal - Sch\u00f6ner, schlichter und zeitloser Designheizk\u00f6rper mit glatter Frontplatte, leicht abgerundeten Ecken und offenen Seiten und Oberseite. Perfekt f\u00fcr hygieneintensive Umgebungen<\/span><\/p>","protected":false},"featured_media":60579,"template":"","meta":{"_acf_changed":false},"product_brand":[],"product_cat":[79],"product_tag":[],"anboringer":[],"class_list":{"0":"post-171811","1":"product","2":"type-product","3":"status-publish","4":"has-post-thumbnail","6":"product_cat-vertical","7":"pa_colour-white-ral-9016","8":"pa_height-mm-554","9":"pa_height-mm-555","10":"pa_height-mm-556","11":"pa_length-mm-426","12":"pa_length-mm-539","13":"pa_length-mm-540","14":"pa_length-mm-431","15":"pa_length-mm-541","16":"pa_type-2-424","17":"pa_type-2-548","18":"pa_type-2-517","19":"pa_type-2-447","21":"first","22":"instock","23":"taxable","24":"shipping-taxable","25":"purchasable","26":"product-type-variable"},"acf":[],"_links":{"self":[{"href":"https:\/\/hudevad.com\/de\/wp-json\/wp\/v2\/product\/171811","targetHints":{"allow":["GET"]}}],"collection":[{"href":"https:\/\/hudevad.com\/de\/wp-json\/wp\/v2\/product"}],"about":[{"href":"https:\/\/hudevad.com\/de\/wp-json\/wp\/v2\/types\/product"}],"wp:featuredmedia":[{"embeddable":true,"href":"https:\/\/hudevad.com\/de\/wp-json\/wp\/v2\/media\/60579"}],"wp:attachment":[{"href":"https:\/\/hudevad.com\/de\/wp-json\/wp\/v2\/media?parent=171811"}],"wp:term":[{"taxonomy":"product_brand","embeddable":true,"href":"https:\/\/hudevad.com\/de\/wp-json\/wp\/v2\/product_brand?post=171811"},{"taxonomy":"product_cat","embeddable":true,"href":"https:\/\/hudevad.com\/de\/wp-json\/wp\/v2\/product_cat?post=171811"},{"taxonomy":"product_tag","embeddable":true,"href":"https:\/\/hudevad.com\/de\/wp-json\/wp\/v2\/product_tag?post=171811"},{"taxonomy":"anboringer","embeddable":true,"href":"https:\/\/hudevad.com\/de\/wp-json\/wp\/v2\/anboringer?post=171811"}],"curies":[{"name":"wp","href":"https:\/\/api.w.org\/{rel}","templated":true}]}}