{"id":172029,"date":"2024-11-12T10:32:53","date_gmt":"2024-11-12T09:32:53","guid":{"rendered":"https:\/\/hudevad.com\/?post_type=product&#038;p=172029"},"modified":"2026-04-07T09:36:00","modified_gmt":"2026-04-07T07:36:00","slug":"p5-vertical-37","status":"publish","type":"product","link":"https:\/\/hudevad.com\/de\/produkt\/p5-vertical-37","title":{"rendered":"P5 Vertikal"},"excerpt":{"rendered":"<p><span data-sheets-value=\"{&quot;1&quot;:2,&quot;2&quot;:&quot;P5 Vertikal \u2013 elegant Danish design radiator, high efficiency with smooth front, characteristic Hudevad edge, closed sides with streamlined recess, which gives P5 Vertikal its completely unique look.&quot;}\" data-sheets-userformat=\"{&quot;2&quot;:15233,&quot;3&quot;:{&quot;1&quot;:0},&quot;10&quot;:2,&quot;11&quot;:0,&quot;12&quot;:0,&quot;14&quot;:{&quot;1&quot;:2,&quot;2&quot;:0},&quot;15&quot;:&quot;Calibri, sans-serif&quot;,&quot;16&quot;:11}\">P5 Vertikal \u2013 eleganter d\u00e4nischer Designheizk\u00f6rper, hoher Wirkungsgrad mit glatter Front, charakteristischer Hudevad-Kante, geschlossenen Seiten mit stromlinienf\u00f6rmiger Aussparung, die P5 Vertikal sein v\u00f6llig einzigartiges Aussehen verleiht.<\/span><\/p>","protected":false},"featured_media":1001200,"template":"","meta":{"_acf_changed":false},"product_brand":[],"product_cat":[79],"product_tag":[],"anboringer":[],"class_list":{"0":"post-172029","1":"product","2":"type-product","3":"status-publish","4":"has-post-thumbnail","6":"product_cat-vertical","7":"pa_colour-white-ral-9016","8":"pa_height-mm-520","9":"pa_height-mm-521","10":"pa_length-mm-582","11":"pa_length-mm-583","12":"pa_length-mm-584","13":"pa_length-mm-585","14":"pa_length-mm-586","15":"pa_type-2-548","16":"pa_type-2-517","17":"pa_type-2-447","19":"first","20":"instock","21":"taxable","22":"shipping-taxable","23":"purchasable","24":"product-type-variable"},"acf":[],"_links":{"self":[{"href":"https:\/\/hudevad.com\/de\/wp-json\/wp\/v2\/product\/172029","targetHints":{"allow":["GET"]}}],"collection":[{"href":"https:\/\/hudevad.com\/de\/wp-json\/wp\/v2\/product"}],"about":[{"href":"https:\/\/hudevad.com\/de\/wp-json\/wp\/v2\/types\/product"}],"wp:featuredmedia":[{"embeddable":true,"href":"https:\/\/hudevad.com\/de\/wp-json\/wp\/v2\/media\/1001200"}],"wp:attachment":[{"href":"https:\/\/hudevad.com\/de\/wp-json\/wp\/v2\/media?parent=172029"}],"wp:term":[{"taxonomy":"product_brand","embeddable":true,"href":"https:\/\/hudevad.com\/de\/wp-json\/wp\/v2\/product_brand?post=172029"},{"taxonomy":"product_cat","embeddable":true,"href":"https:\/\/hudevad.com\/de\/wp-json\/wp\/v2\/product_cat?post=172029"},{"taxonomy":"product_tag","embeddable":true,"href":"https:\/\/hudevad.com\/de\/wp-json\/wp\/v2\/product_tag?post=172029"},{"taxonomy":"anboringer","embeddable":true,"href":"https:\/\/hudevad.com\/de\/wp-json\/wp\/v2\/anboringer?post=172029"}],"curies":[{"name":"wp","href":"https:\/\/api.w.org\/{rel}","templated":true}]}}