{"id":174522,"date":"2024-11-13T09:55:30","date_gmt":"2024-11-13T08:55:30","guid":{"rendered":"https:\/\/hudevad.com\/?post_type=product&#038;p=174522"},"modified":"2026-04-07T12:13:17","modified_gmt":"2026-04-07T10:13:17","slug":"integral-lowline","status":"publish","type":"product","link":"https:\/\/hudevad.com\/de\/produkt\/integral-lowline","title":{"rendered":"Integral Lowline"},"excerpt":{"rendered":"<p><span data-sheets-value=\"{&quot;1&quot;:2,&quot;2&quot;:&quot;Integral Lowline is an extremely robust radiator in a timeless design. Minimalist appearance with smooth front panel and rounded corners. Look here.&quot;}\" data-sheets-userformat=\"{&quot;2&quot;:15233,&quot;3&quot;:{&quot;1&quot;:0},&quot;10&quot;:2,&quot;11&quot;:0,&quot;12&quot;:0,&quot;14&quot;:{&quot;1&quot;:2,&quot;2&quot;:0},&quot;15&quot;:&quot;Calibri, sans-serif&quot;,&quot;16&quot;:11}\">Integral Lowline ist ein \u00e4u\u00dferst robuster Heizk\u00f6rper in zeitlosem Design. Minimalistisches Erscheinungsbild mit glatter Frontplatte und abgerundeten Ecken. Schau hier.<\/span><\/p>","protected":false},"featured_media":60571,"template":"","meta":{"_acf_changed":false},"product_brand":[],"product_cat":[81],"product_tag":[],"anboringer":[],"class_list":{"0":"post-174522","1":"product","2":"type-product","3":"status-publish","4":"has-post-thumbnail","6":"product_cat-lowline","7":"pa_colour-white-ral-9016","8":"pa_height-mm-553","9":"pa_length-mm-543","10":"pa_length-mm-441","11":"pa_length-mm-545","12":"pa_length-mm-546","13":"pa_length-mm-457","14":"pa_length-mm-547","15":"pa_type-2-22-w-bracket","16":"pa_type-2-22-w-feet","17":"pa_type-2-33-w-bracket","18":"pa_type-2-33-w-feet","19":"pa_type-2-44-w-bracket","20":"pa_type-2-44-w-feet","22":"first","23":"instock","24":"featured","25":"taxable","26":"shipping-taxable","27":"purchasable","28":"product-type-variable"},"acf":[],"_links":{"self":[{"href":"https:\/\/hudevad.com\/de\/wp-json\/wp\/v2\/product\/174522","targetHints":{"allow":["GET"]}}],"collection":[{"href":"https:\/\/hudevad.com\/de\/wp-json\/wp\/v2\/product"}],"about":[{"href":"https:\/\/hudevad.com\/de\/wp-json\/wp\/v2\/types\/product"}],"wp:featuredmedia":[{"embeddable":true,"href":"https:\/\/hudevad.com\/de\/wp-json\/wp\/v2\/media\/60571"}],"wp:attachment":[{"href":"https:\/\/hudevad.com\/de\/wp-json\/wp\/v2\/media?parent=174522"}],"wp:term":[{"taxonomy":"product_brand","embeddable":true,"href":"https:\/\/hudevad.com\/de\/wp-json\/wp\/v2\/product_brand?post=174522"},{"taxonomy":"product_cat","embeddable":true,"href":"https:\/\/hudevad.com\/de\/wp-json\/wp\/v2\/product_cat?post=174522"},{"taxonomy":"product_tag","embeddable":true,"href":"https:\/\/hudevad.com\/de\/wp-json\/wp\/v2\/product_tag?post=174522"},{"taxonomy":"anboringer","embeddable":true,"href":"https:\/\/hudevad.com\/de\/wp-json\/wp\/v2\/anboringer?post=174522"}],"curies":[{"name":"wp","href":"https:\/\/api.w.org\/{rel}","templated":true}]}}