{"id":176667,"date":"2024-11-13T10:36:38","date_gmt":"2024-11-13T09:36:38","guid":{"rendered":"https:\/\/hudevad.com\/?post_type=product&#038;p=176667"},"modified":"2026-04-07T09:11:32","modified_gmt":"2026-04-07T07:11:32","slug":"piso-12","status":"publish","type":"product","link":"https:\/\/hudevad.com\/de\/produkt\/piso-12","title":{"rendered":"Piso"},"excerpt":{"rendered":"<p><span data-sheets-value=\"{&quot;1&quot;:2,&quot;2&quot;:&quot;Thanks to the low construction height of max. 280 mm, the Piso radiator works well in buildings with limited space but with high power requirements.&quot;}\" data-sheets-userformat=\"{&quot;2&quot;:15233,&quot;3&quot;:{&quot;1&quot;:0},&quot;10&quot;:2,&quot;11&quot;:0,&quot;12&quot;:0,&quot;14&quot;:{&quot;1&quot;:2,&quot;2&quot;:0},&quot;15&quot;:&quot;Calibri, sans-serif&quot;,&quot;16&quot;:11}\">Dank der geringen Bauh\u00f6he von max. 280 mm eignet sich der Piso-Heizk\u00f6rper gut f\u00fcr Geb\u00e4ude mit begrenztem Platz, aber hohem Leistungsbedarf.<\/span><\/p>","protected":false},"featured_media":93911,"template":"","meta":{"_acf_changed":false},"product_brand":[],"product_cat":[81],"product_tag":[],"anboringer":[],"class_list":{"0":"post-176667","1":"product","2":"type-product","3":"status-publish","4":"has-post-thumbnail","6":"product_cat-lowline","7":"pa_colour-white-ral-9016","8":"pa_height-mm-557","9":"pa_height-mm-559","10":"pa_height-mm-600","11":"pa_length-mm-543","12":"pa_length-mm-441","13":"pa_length-mm-545","14":"pa_length-mm-446","15":"pa_length-mm-546","16":"pa_length-mm-457","17":"pa_length-mm-547","18":"pa_length-mm-560","19":"pa_length-mm-593","20":"pa_length-mm-561","21":"pa_length-mm-562","22":"pa_length-mm-563","23":"pa_length-mm-564","24":"pa_length-mm-565","25":"pa_length-mm-594","26":"pa_length-mm-595","27":"pa_length-mm-596","28":"pa_length-mm-597","29":"pa_length-mm-539","30":"pa_length-mm-598","31":"pa_length-mm-1414","32":"pa_length-mm-1415","33":"pa_length-mm-1416","34":"pa_length-mm-1417","35":"pa_length-mm-540","36":"pa_length-mm-1418","37":"pa_length-mm-1419","38":"pa_length-mm-1420","39":"pa_length-mm-1421","40":"pa_length-mm-1422","41":"pa_length-mm-431","42":"pa_length-mm-1423","43":"pa_length-mm-541","44":"pa_length-mm-542","45":"pa_length-mm-436","46":"pa_type-2-21-w-bracket","47":"pa_type-2-21-w-feet","48":"pa_type-2-22-w-bracket","49":"pa_type-2-22-w-feet","50":"pa_type-2-32-w-bracket","51":"pa_type-2-32-w-feet","52":"pa_type-2-43-w-bracket","53":"pa_type-2-43-w-feet","54":"pa_type-2-54-w-bracket","55":"pa_type-2-54-w-feet","57":"first","58":"instock","59":"taxable","60":"shipping-taxable","61":"purchasable","62":"product-type-variable"},"acf":[],"_links":{"self":[{"href":"https:\/\/hudevad.com\/de\/wp-json\/wp\/v2\/product\/176667","targetHints":{"allow":["GET"]}}],"collection":[{"href":"https:\/\/hudevad.com\/de\/wp-json\/wp\/v2\/product"}],"about":[{"href":"https:\/\/hudevad.com\/de\/wp-json\/wp\/v2\/types\/product"}],"wp:featuredmedia":[{"embeddable":true,"href":"https:\/\/hudevad.com\/de\/wp-json\/wp\/v2\/media\/93911"}],"wp:attachment":[{"href":"https:\/\/hudevad.com\/de\/wp-json\/wp\/v2\/media?parent=176667"}],"wp:term":[{"taxonomy":"product_brand","embeddable":true,"href":"https:\/\/hudevad.com\/de\/wp-json\/wp\/v2\/product_brand?post=176667"},{"taxonomy":"product_cat","embeddable":true,"href":"https:\/\/hudevad.com\/de\/wp-json\/wp\/v2\/product_cat?post=176667"},{"taxonomy":"product_tag","embeddable":true,"href":"https:\/\/hudevad.com\/de\/wp-json\/wp\/v2\/product_tag?post=176667"},{"taxonomy":"anboringer","embeddable":true,"href":"https:\/\/hudevad.com\/de\/wp-json\/wp\/v2\/anboringer?post=176667"}],"curies":[{"name":"wp","href":"https:\/\/api.w.org\/{rel}","templated":true}]}}