{"id":69473,"date":"2023-01-20T13:31:37","date_gmt":"2023-01-20T12:31:37","guid":{"rendered":"https:\/\/hudevad.com\/?post_type=product&#038;p=69473"},"modified":"2026-03-26T11:32:18","modified_gmt":"2026-03-26T10:32:18","slug":"piso","status":"publish","type":"product","link":"https:\/\/hudevad.com\/de\/produkt\/piso","title":{"rendered":"Piso"},"excerpt":{"rendered":"<p><span data-sheets-value=\"{&quot;1&quot;:2,&quot;2&quot;:&quot;Thanks to the low construction height of max. 280 mm, the Piso radiator works well in buildings with limited space but with high power requirements.&quot;}\" data-sheets-userformat=\"{&quot;2&quot;:15233,&quot;3&quot;:{&quot;1&quot;:0},&quot;10&quot;:2,&quot;11&quot;:0,&quot;12&quot;:0,&quot;14&quot;:{&quot;1&quot;:2,&quot;2&quot;:0},&quot;15&quot;:&quot;Calibri, sans-serif&quot;,&quot;16&quot;:11}\">Dank der geringen Bauh\u00f6he von max. 280 mm eignet sich der Piso-Heizk\u00f6rper gut f\u00fcr Geb\u00e4ude mit begrenztem Platz, aber hohem Leistungsbedarf.<\/span><\/p>","protected":false},"featured_media":93911,"template":"","meta":{"_acf_changed":false},"product_brand":[],"product_cat":[81],"product_tag":[],"anboringer":[],"class_list":{"0":"post-69473","1":"product","2":"type-product","3":"status-publish","4":"has-post-thumbnail","6":"product_cat-lowline","7":"pa_colour-white-ral-9016","8":"pa_height-mm-557","9":"pa_height-mm-559","10":"pa_height-mm-600","11":"pa_height-mm-592","12":"pa_length-mm-543","13":"pa_length-mm-441","14":"pa_length-mm-545","15":"pa_length-mm-446","16":"pa_length-mm-546","17":"pa_length-mm-457","18":"pa_length-mm-547","19":"pa_length-mm-560","20":"pa_length-mm-593","21":"pa_length-mm-561","22":"pa_length-mm-562","23":"pa_length-mm-563","24":"pa_length-mm-564","25":"pa_length-mm-565","26":"pa_length-mm-594","27":"pa_length-mm-595","28":"pa_length-mm-596","29":"pa_length-mm-597","30":"pa_length-mm-539","31":"pa_length-mm-598","32":"pa_length-mm-1414","33":"pa_length-mm-1415","34":"pa_length-mm-1416","35":"pa_length-mm-1417","36":"pa_length-mm-540","37":"pa_length-mm-1418","38":"pa_length-mm-1419","39":"pa_length-mm-1420","40":"pa_length-mm-1421","41":"pa_length-mm-1422","42":"pa_length-mm-431","43":"pa_length-mm-1423","44":"pa_length-mm-541","45":"pa_length-mm-542","46":"pa_length-mm-436","47":"pa_type-2-21-w-bracket","48":"pa_type-2-21-w-feet","49":"pa_type-2-22-w-bracket","50":"pa_type-2-22-w-feet","51":"pa_type-2-32-w-bracket","52":"pa_type-2-32-w-feet","53":"pa_type-2-43-w-bracket","54":"pa_type-2-43-w-feet","55":"pa_type-2-54-w-bracket","56":"pa_type-2-54-w-feet","58":"first","59":"instock","60":"taxable","61":"shipping-taxable","62":"purchasable","63":"product-type-variable"},"acf":[],"_links":{"self":[{"href":"https:\/\/hudevad.com\/de\/wp-json\/wp\/v2\/product\/69473","targetHints":{"allow":["GET"]}}],"collection":[{"href":"https:\/\/hudevad.com\/de\/wp-json\/wp\/v2\/product"}],"about":[{"href":"https:\/\/hudevad.com\/de\/wp-json\/wp\/v2\/types\/product"}],"wp:featuredmedia":[{"embeddable":true,"href":"https:\/\/hudevad.com\/de\/wp-json\/wp\/v2\/media\/93911"}],"wp:attachment":[{"href":"https:\/\/hudevad.com\/de\/wp-json\/wp\/v2\/media?parent=69473"}],"wp:term":[{"taxonomy":"product_brand","embeddable":true,"href":"https:\/\/hudevad.com\/de\/wp-json\/wp\/v2\/product_brand?post=69473"},{"taxonomy":"product_cat","embeddable":true,"href":"https:\/\/hudevad.com\/de\/wp-json\/wp\/v2\/product_cat?post=69473"},{"taxonomy":"product_tag","embeddable":true,"href":"https:\/\/hudevad.com\/de\/wp-json\/wp\/v2\/product_tag?post=69473"},{"taxonomy":"anboringer","embeddable":true,"href":"https:\/\/hudevad.com\/de\/wp-json\/wp\/v2\/anboringer?post=69473"}],"curies":[{"name":"wp","href":"https:\/\/api.w.org\/{rel}","templated":true}]}}