{"id":171812,"date":"2024-11-12T10:19:42","date_gmt":"2024-11-12T09:19:42","guid":{"rendered":"https:\/\/hudevad.com\/?post_type=product&#038;p=171812"},"modified":"2026-04-07T12:10:21","modified_gmt":"2026-04-07T10:10:21","slug":"integral-vertical-33","status":"publish","type":"product","link":"https:\/\/hudevad.com\/dk\/produkt\/integral-vertical-33","title":{"rendered":"Integral Vertikal"},"excerpt":{"rendered":"<p><span data-sheets-value=\"{&quot;1&quot;:2,&quot;2&quot;:&quot;Hudevad Integral Vertikal - Beautiful, simple and timeless design radiator with smooth front panel, slightly rounded corners and open sides and top. Perfect for hygiene-intensive environments&quot;}\" data-sheets-userformat=\"{&quot;2&quot;:15233,&quot;3&quot;:{&quot;1&quot;:0},&quot;10&quot;:2,&quot;11&quot;:0,&quot;12&quot;:0,&quot;14&quot;:{&quot;1&quot;:2,&quot;2&quot;:0},&quot;15&quot;:&quot;Calibri, sans-serif&quot;,&quot;16&quot;:11}\">Hudevad Integral Vertikal - Smuk, enkel og tidl\u00f8s designradiator med glat frontplade, let afrundede hj\u00f8rner og \u00e5bne sider og top. Perfekt til hygiejne-intensive milj\u00f8er<\/span><\/p>","protected":false},"featured_media":60579,"template":"","meta":{"_acf_changed":false},"product_brand":[],"product_cat":[79],"product_tag":[],"anboringer":[],"class_list":{"0":"post-171812","1":"product","2":"type-product","3":"status-publish","4":"has-post-thumbnail","6":"product_cat-vertical","7":"pa_colour-white-ral-9016","8":"pa_height-mm-554","9":"pa_height-mm-555","10":"pa_height-mm-556","11":"pa_length-mm-426","12":"pa_length-mm-539","13":"pa_length-mm-540","14":"pa_length-mm-431","15":"pa_length-mm-541","16":"pa_type-2-548","17":"pa_type-2-517","18":"pa_type-2-447","20":"first","21":"instock","22":"taxable","23":"shipping-taxable","24":"purchasable","25":"product-type-variable"},"acf":[],"_links":{"self":[{"href":"https:\/\/hudevad.com\/dk\/wp-json\/wp\/v2\/product\/171812","targetHints":{"allow":["GET"]}}],"collection":[{"href":"https:\/\/hudevad.com\/dk\/wp-json\/wp\/v2\/product"}],"about":[{"href":"https:\/\/hudevad.com\/dk\/wp-json\/wp\/v2\/types\/product"}],"wp:featuredmedia":[{"embeddable":true,"href":"https:\/\/hudevad.com\/dk\/wp-json\/wp\/v2\/media\/60579"}],"wp:attachment":[{"href":"https:\/\/hudevad.com\/dk\/wp-json\/wp\/v2\/media?parent=171812"}],"wp:term":[{"taxonomy":"product_brand","embeddable":true,"href":"https:\/\/hudevad.com\/dk\/wp-json\/wp\/v2\/product_brand?post=171812"},{"taxonomy":"product_cat","embeddable":true,"href":"https:\/\/hudevad.com\/dk\/wp-json\/wp\/v2\/product_cat?post=171812"},{"taxonomy":"product_tag","embeddable":true,"href":"https:\/\/hudevad.com\/dk\/wp-json\/wp\/v2\/product_tag?post=171812"},{"taxonomy":"anboringer","embeddable":true,"href":"https:\/\/hudevad.com\/dk\/wp-json\/wp\/v2\/anboringer?post=171812"}],"curies":[{"name":"wp","href":"https:\/\/api.w.org\/{rel}","templated":true}]}}