{"id":61399,"date":"2022-12-12T14:16:22","date_gmt":"2022-12-12T13:16:22","guid":{"rendered":"https:\/\/hudevad.com\/produkt\/rail\/"},"modified":"2026-03-18T14:52:24","modified_gmt":"2026-03-18T13:52:24","slug":"handklaedebojle","status":"publish","type":"product","link":"https:\/\/hudevad.com\/dk\/produkt\/handklaedebojle","title":{"rendered":"H\u00e5ndkl\u00e6deb\u00f8jle"},"excerpt":{"rendered":"","protected":false},"featured_media":1009719,"template":"","meta":{"_acf_changed":false},"product_brand":[],"product_cat":[1192],"product_tag":[],"anboringer":[],"class_list":{"0":"post-61399","1":"product","2":"type-product","3":"status-publish","4":"has-post-thumbnail","6":"product_cat-hooks-and-rails","7":"pa_finish-brushed","8":"pa_finish-chrome","9":"pa_finish-painted-black","10":"pa_finish-painted-brass","11":"pa_size-mm-1185","12":"pa_size-mm-1186","13":"pa_size-mm-1187","15":"first","16":"instock","17":"taxable","18":"shipping-taxable","19":"purchasable","20":"product-type-variable"},"acf":[],"_links":{"self":[{"href":"https:\/\/hudevad.com\/dk\/wp-json\/wp\/v2\/product\/61399","targetHints":{"allow":["GET"]}}],"collection":[{"href":"https:\/\/hudevad.com\/dk\/wp-json\/wp\/v2\/product"}],"about":[{"href":"https:\/\/hudevad.com\/dk\/wp-json\/wp\/v2\/types\/product"}],"wp:featuredmedia":[{"embeddable":true,"href":"https:\/\/hudevad.com\/dk\/wp-json\/wp\/v2\/media\/1009719"}],"wp:attachment":[{"href":"https:\/\/hudevad.com\/dk\/wp-json\/wp\/v2\/media?parent=61399"}],"wp:term":[{"taxonomy":"product_brand","embeddable":true,"href":"https:\/\/hudevad.com\/dk\/wp-json\/wp\/v2\/product_brand?post=61399"},{"taxonomy":"product_cat","embeddable":true,"href":"https:\/\/hudevad.com\/dk\/wp-json\/wp\/v2\/product_cat?post=61399"},{"taxonomy":"product_tag","embeddable":true,"href":"https:\/\/hudevad.com\/dk\/wp-json\/wp\/v2\/product_tag?post=61399"},{"taxonomy":"anboringer","embeddable":true,"href":"https:\/\/hudevad.com\/dk\/wp-json\/wp\/v2\/anboringer?post=61399"}],"curies":[{"name":"wp","href":"https:\/\/api.w.org\/{rel}","templated":true}]}}