{"id":66297,"date":"2023-01-20T13:04:33","date_gmt":"2023-01-20T12:04:33","guid":{"rendered":"https:\/\/hudevad.com\/?post_type=product&#038;p=66297"},"modified":"2026-04-07T11:03:56","modified_gmt":"2026-04-07T09:03:56","slug":"lk","status":"publish","type":"product","link":"https:\/\/hudevad.com\/dk\/produkt\/lk","title":{"rendered":"LK"},"excerpt":{"rendered":"<p><span data-sheets-value=\"{&quot;1&quot;:2,&quot;2&quot;:&quot;Hudevad LK is a low convector made of profiled steel pipes. The radiator has a smooth front and back in an elegant design and appears aesthetically pleasing from both sides.&quot;}\" data-sheets-userformat=\"{&quot;2&quot;:31617,&quot;3&quot;:{&quot;1&quot;:0},&quot;10&quot;:2,&quot;11&quot;:0,&quot;12&quot;:0,&quot;14&quot;:{&quot;1&quot;:2,&quot;2&quot;:0},&quot;15&quot;:&quot;Calibri, sans-serif&quot;,&quot;16&quot;:11,&quot;17&quot;:1}\">Hudevad LK er en lavkonvektor lavet af profilerede st\u00e5lr\u00f8r. Radiatoren har en glat front og bagside i elegant design og fremst\u00e5r \u00e6stetisk fra begge sider.<\/span><\/p>","protected":false},"featured_media":996305,"template":"","meta":{"_acf_changed":false},"product_brand":[],"product_cat":[81],"product_tag":[],"anboringer":[],"class_list":{"0":"post-66297","1":"product","2":"type-product","3":"status-publish","4":"has-post-thumbnail","6":"product_cat-lowline","7":"pa_colour-white-ral-9016","8":"pa_height-mm-557","9":"pa_height-mm-559","10":"pa_length-mm-543","11":"pa_length-mm-441","12":"pa_length-mm-545","13":"pa_length-mm-446","14":"pa_length-mm-546","15":"pa_length-mm-457","16":"pa_length-mm-547","17":"pa_length-mm-560","18":"pa_length-mm-561","19":"pa_length-mm-562","20":"pa_length-mm-563","21":"pa_length-mm-564","22":"pa_length-mm-565","23":"pa_length-mm-594","24":"pa_length-mm-595","25":"pa_length-mm-596","26":"pa_length-mm-597","27":"pa_length-mm-431","28":"pa_length-mm-542","29":"pa_type-2-22-w-bracket","30":"pa_type-2-22-w-feet","31":"pa_type-2-34-w-bracket","32":"pa_type-2-34-w-feet","34":"first","35":"instock","36":"featured","37":"taxable","38":"shipping-taxable","39":"purchasable","40":"product-type-variable"},"acf":[],"_links":{"self":[{"href":"https:\/\/hudevad.com\/dk\/wp-json\/wp\/v2\/product\/66297","targetHints":{"allow":["GET"]}}],"collection":[{"href":"https:\/\/hudevad.com\/dk\/wp-json\/wp\/v2\/product"}],"about":[{"href":"https:\/\/hudevad.com\/dk\/wp-json\/wp\/v2\/types\/product"}],"wp:featuredmedia":[{"embeddable":true,"href":"https:\/\/hudevad.com\/dk\/wp-json\/wp\/v2\/media\/996305"}],"wp:attachment":[{"href":"https:\/\/hudevad.com\/dk\/wp-json\/wp\/v2\/media?parent=66297"}],"wp:term":[{"taxonomy":"product_brand","embeddable":true,"href":"https:\/\/hudevad.com\/dk\/wp-json\/wp\/v2\/product_brand?post=66297"},{"taxonomy":"product_cat","embeddable":true,"href":"https:\/\/hudevad.com\/dk\/wp-json\/wp\/v2\/product_cat?post=66297"},{"taxonomy":"product_tag","embeddable":true,"href":"https:\/\/hudevad.com\/dk\/wp-json\/wp\/v2\/product_tag?post=66297"},{"taxonomy":"anboringer","embeddable":true,"href":"https:\/\/hudevad.com\/dk\/wp-json\/wp\/v2\/anboringer?post=66297"}],"curies":[{"name":"wp","href":"https:\/\/api.w.org\/{rel}","templated":true}]}}